{"id":11753,"date":"2015-12-11T15:56:58","date_gmt":"2015-12-11T13:56:58","guid":{"rendered":"http:\/\/artificialsky.sav.sk\/?page_id=11753"},"modified":"2017-02-21T16:12:19","modified_gmt":"2017-02-21T14:12:19","slug":"scientific-team-2","status":"publish","type":"page","link":"http:\/\/artificialsky.sav.sk\/en\/scientific-team-2\/","title":{"rendered":"Scientific Team"},"content":{"rendered":"<p>[vc_row][vc_column][vc_column_text css_animation=&#8221;left-to-right&#8221; css=&#8221;.vc_custom_1487686314805{margin-bottom: 20px !important;}&#8221;]<\/p>\n<h5 style=\"text-align: center;\"><span style=\"color: #a00677;\"><em>Project\u00a0leader:<\/em><\/span><\/h5>\n<p style=\"text-align: center;\">Associate Professor Stanislav Darula, PhD.<\/p>\n<p>[\/vc_column_text][vc_separator color=&#8221;chino&#8221; style=&#8221;dotted&#8221; el_width=&#8221;20&#8243;][vc_column_text css_animation=&#8221;left-to-right&#8221; css=&#8221;.vc_custom_1487686321408{margin-bottom: 20px !important;}&#8221;]<\/p>\n<h5 style=\"text-align: center;\"><span style=\"color: #a00677;\"><em>Leader of the co-operating organization:<\/em><\/span><\/h5>\n<p style=\"text-align: center;\">Dipl. Ing. Peter Hanuliak, PhD.<\/p>\n<p>[\/vc_column_text][vc_separator color=&#8221;chino&#8221; style=&#8221;dotted&#8221; el_width=&#8221;20&#8243;][vc_column_text css_animation=&#8221;left-to-right&#8221; css=&#8221;.vc_custom_1487686328482{margin-top: 15px !important;margin-bottom: 20px !important;}&#8221;]<\/p>\n<h5 style=\"text-align: center;\"><span style=\"color: #a00677;\"><em>Investigators:<\/em><\/span><\/h5>\n<p style=\"text-align: center;\">Dipl. Ing. Miroslav Fabian<\/p>\n<p style=\"text-align: center;\">Dipl. Ing. Peter Hartman. PhD.<\/p>\n<p style=\"text-align: center;\">Associate Professor Ing. Richard Kitter, DrSc.<\/p>\n<p style=\"text-align: center;\">Dr. Ladislav K\u00f3mar, PhD.<\/p>\n<p style=\"text-align: center;\">Dipl. Ing. Marek M\u00e1cha<\/p>\n<p style=\"text-align: center;\">Dipl. Ing. Lucia Ma\u0148kov\u00e1, PhD.<\/p>\n<p>[\/vc_column_text][vc_separator color=&#8221;chino&#8221; style=&#8221;dotted&#8221; el_width=&#8221;20&#8243;][vc_column_text css_animation=&#8221;left-to-right&#8221; css=&#8221;.vc_custom_1487686336141{margin-top: 15px !important;}&#8221;]<\/p>\n<h5 style=\"text-align: center;\"><em>Technical staff:<\/em><\/h5>\n<p style=\"text-align: center;\">Zdenko \u010cern\u00fd<\/p>\n<p style=\"text-align: center;\">Karol Kas\u00e1k<\/p>\n<p style=\"text-align: center;\">Dipl. Ing. Marta Mal\u00edkov\u00e1<\/p>\n<p style=\"text-align: center;\">Rudolf Maninka<\/p>\n<p style=\"text-align: center;\">Valent\u00edn \u0160tep\u00e1nek<\/p>\n<p style=\"text-align: center;\">Alexander Toth<\/p>\n<p>[\/vc_column_text][\/vc_column][\/vc_row]<\/p>\n","protected":false},"excerpt":{"rendered":"<p>[vc_row][vc_column][vc_column_text css_animation=&#8221;left-to-right&#8221; css=&#8221;.vc_custom_1487686314805{margin-bottom: 20px !important;}&#8221;] Project\u00a0leader: Associate Professor Stanislav Darula, PhD. [\/vc_column_text][vc_separator color=&#8221;chino&#8221; style=&#8221;dotted&#8221; el_width=&#8221;20&#8243;][vc_column_text css_animation=&#8221;left-to-right&#8221; css=&#8221;.vc_custom_1487686321408{margin-bottom: 20px !important;}&#8221;] Leader of the co-operating organization: Dipl. Ing. Peter Hanuliak, PhD. [\/vc_column_text][vc_separator<\/p>\n","protected":false},"author":1,"featured_media":0,"parent":0,"menu_order":0,"comment_status":"closed","ping_status":"closed","template":"","meta":[],"_links":{"self":[{"href":"http:\/\/artificialsky.sav.sk\/en\/wp-json\/wp\/v2\/pages\/11753"}],"collection":[{"href":"http:\/\/artificialsky.sav.sk\/en\/wp-json\/wp\/v2\/pages"}],"about":[{"href":"http:\/\/artificialsky.sav.sk\/en\/wp-json\/wp\/v2\/types\/page"}],"author":[{"embeddable":true,"href":"http:\/\/artificialsky.sav.sk\/en\/wp-json\/wp\/v2\/users\/1"}],"replies":[{"embeddable":true,"href":"http:\/\/artificialsky.sav.sk\/en\/wp-json\/wp\/v2\/comments?post=11753"}],"version-history":[{"count":6,"href":"http:\/\/artificialsky.sav.sk\/en\/wp-json\/wp\/v2\/pages\/11753\/revisions"}],"predecessor-version":[{"id":12748,"href":"http:\/\/artificialsky.sav.sk\/en\/wp-json\/wp\/v2\/pages\/11753\/revisions\/12748"}],"wp:attachment":[{"href":"http:\/\/artificialsky.sav.sk\/en\/wp-json\/wp\/v2\/media?parent=11753"}],"curies":[{"name":"wp","href":"https:\/\/api.w.org\/{rel}","templated":true}]}}