{"id":11755,"date":"2015-12-11T15:57:29","date_gmt":"2015-12-11T13:57:29","guid":{"rendered":"http:\/\/artificialsky.sav.sk\/?page_id=11755"},"modified":"2017-08-10T23:43:12","modified_gmt":"2017-08-10T21:43:12","slug":"cooperating-organizations","status":"publish","type":"page","link":"http:\/\/artificialsky.sav.sk\/en\/cooperating-organizations\/","title":{"rendered":"Co-operating Organizations"},"content":{"rendered":"<p>[vc_row fadeout_row=&#8221;off&#8221;][vc_column][vc_column_text css_animation=&#8221;left-to-right&#8221; css=&#8221;.vc_custom_1487708660715{margin-bottom: 20px !important;}&#8221;]<\/p>\n<h5 style=\"text-align: center;\">Co-ordinating organization<\/h5>\n<h6 style=\"text-align: center;\"><strong>Institute of Construction and Architecture, Slovak Academy of Science, Bratislava<\/strong><\/h6>\n<p style=\"text-align: center;\"><a href=\"http:\/\/www.ustarch.sav.sk\/\">http:\/\/www.ustarch.sav.sk\/<\/a><\/p>\n<p>[\/vc_column_text][vc_separator color=&#8221;chino&#8221; style=&#8221;dotted&#8221; el_width=&#8221;10&#8243; css=&#8221;.vc_custom_1487195526109{margin-top: 15px !important;margin-bottom: 15px !important;}&#8221;][vc_column_text css_animation=&#8221;left-to-right&#8221; css=&#8221;.vc_custom_1502401597026{margin-bottom: 20px !important;}&#8221;]<\/p>\n<h5 style=\"text-align: center;\">Co-operating organization<\/h5>\n<h6 style=\"text-align: center;\"><strong>Slovak University of Technology in Bratislava, Department of Building Construction<\/strong><\/h6>\n<p style=\"text-align: center;\"><a href=\"http:\/\/www.svf.stuba.sk\/\">http:\/\/www.svf.stuba.sk\/<\/a><\/p>\n<p style=\"text-align: center;\">.::.<\/p>\n<h6 style=\"text-align: center;\"><strong>BRNO UNIVERSITY OF TECHNOLOGY, The Faculty of\u00a0Electrical Engineering and Communication, Brno University of\u00a0Technology, Department of Electrical Power Engineering, Technick\u00e1 3082\/12, 61600 Brno<\/strong><\/h6>\n<p style=\"text-align: center;\"><a href=\"https:\/\/www.vutbr.cz\/\">https:\/\/www.vutbr.cz\/<\/a><\/p>\n<p>[\/vc_column_text][vc_separator color=&#8221;chino&#8221; style=&#8221;dotted&#8221; el_width=&#8221;10&#8243; css=&#8221;.vc_custom_1487195511213{margin-top: 15px !important;margin-bottom: 15px !important;}&#8221;][vc_column_text css_animation=&#8221;left-to-right&#8221; css=&#8221;.vc_custom_1487708674075{margin-bottom: 20px !important;}&#8221;]<\/p>\n<h5 style=\"text-align: center;\">Other co-operating organizations<\/h5>\n<p>[\/vc_column_text][\/vc_column][\/vc_row][vc_row][vc_column width=&#8221;1\/3&#8243;][vc_column_text css_animation=&#8221;left-to-right&#8221; css=&#8221;.vc_custom_1502401467425{margin-bottom: 20px !important;}&#8221;]<\/p>\n<h6 style=\"text-align: center;\"><strong>OMS\u00a0Ltd.<\/strong><\/h6>\n<p style=\"text-align: center;\">419, Doj\u010d<\/p>\n<p style=\"text-align: center;\"><a href=\"http:\/\/www.omslighting.com\/\">http:\/\/www.omslighting.com\/<\/a><\/p>\n<p style=\"text-align: center;\">.::.<\/p>\n<h6 style=\"text-align: center;\"><strong>iLumTech industries,\u00a0Ltd.<\/strong><\/h6>\n<p style=\"text-align: center;\">\u010c\u00e1\u010dovsk\u00e1 cesta 2709\/4, 905 01 Senica<\/p>\n<p style=\"text-align: center;\"><a href=\"http:\/\/www.ilumtech.eu\/\">http:\/\/www.ilumtech.eu\/<\/a><\/p>\n<p style=\"text-align: center;\">.::.<\/p>\n<h6 style=\"text-align: center;\"><strong>AMI s\u00a0r.o.<\/strong><\/h6>\n<p style=\"text-align: center;\">ul. Kom\u00e1r\u0148anska cesta 13, 94043 Nov\u00e9 Z\u00e1mky<\/p>\n<p style=\"text-align: center;\"><a href=\"http:\/\/www.ami.sk\">http:\/\/www.ami.sk<\/a><\/p>\n<p>[\/vc_column_text][\/vc_column][vc_column width=&#8221;1\/3&#8243;][vc_column_text css_animation=&#8221;left-to-right&#8221; css=&#8221;.vc_custom_1487708688148{margin-bottom: 20px !important;}&#8221;]<\/p>\n<h6 style=\"text-align: center;\"><strong>LMP Slovakia, Ltd.<\/strong><\/h6>\n<p style=\"text-align: center;\">\u010c\u00e1\u010dov 399, Senica 905 01<\/p>\n<p style=\"text-align: center;\"><a href=\"http:\/\/www.lmpslovakia.sk\/\">http:\/\/www.lmpslovakia.sk\/<\/a><\/p>\n<p style=\"text-align: center;\">.::.<\/p>\n<h6 style=\"text-align: center;\"><strong>Chemolak Smolenice, Inc.<\/strong><\/h6>\n<p style=\"text-align: center;\">ul. Tov\u00e1rensk\u00e1 7, 919 04 Smolenice<\/p>\n<p style=\"text-align: center;\"><a href=\"http:\/\/www.chemolak.sk\/sk\/\">http:\/\/www.chemolak.sk\/sk\/<\/a><\/p>\n<p style=\"text-align: center;\">.::.<\/p>\n<h6 style=\"text-align: center;\"><strong>Sveteln\u00e1 technika<\/strong><\/h6>\n<p style=\"text-align: center;\">ul. Gercenova 8, 851 01 Bratislava<\/p>\n<h6 style=\"text-align: center;\"><\/h6>\n<p>[\/vc_column_text][\/vc_column][vc_column width=&#8221;1\/3&#8243;][vc_column_text css_animation=&#8221;left-to-right&#8221; css=&#8221;.vc_custom_1502401492967{margin-top: 15px !important;margin-bottom: 20px !important;}&#8221;]<\/p>\n<h6 style=\"text-align: center;\"><strong>System projekt<\/strong><\/h6>\n<p style=\"text-align: center;\">ul. Jankolova 3, 851 04 Bratislava<\/p>\n<p style=\"text-align: center;\">.::.<\/p>\n<h6 style=\"text-align: center;\"><strong>Ot\u00edlia Bl\u0161\u00e1kov\u00e1 &#8211; Blys<\/strong><\/h6>\n<p style=\"text-align: center;\">ul. Mraziarensk\u00e1 11, 82108 Bratislava<\/p>\n<p style=\"text-align: center;\">.::.<\/p>\n<h6 style=\"text-align: center;\"><strong>IDD Bratislava<\/strong><\/h6>\n<p style=\"text-align: center;\">ul. Myjavsk\u00e1 16, 811 03 Bratislava<\/p>\n<p style=\"text-align: center;\">.::.<\/p>\n<h6 style=\"text-align: center;\"><strong>Web-\u0161t\u00fadio<\/strong><\/h6>\n<p style=\"text-align: center;\"><a href=\"http:\/\/www.web-studio.sk\">http:\/\/www.web-studio.sk<\/a><\/p>\n<p>[\/vc_column_text][\/vc_column][\/vc_row]<\/p>\n","protected":false},"excerpt":{"rendered":"<p>[vc_row fadeout_row=&#8221;off&#8221;][vc_column][vc_column_text css_animation=&#8221;left-to-right&#8221; css=&#8221;.vc_custom_1487708660715{margin-bottom: 20px !important;}&#8221;] Co-ordinating organization Institute of Construction and Architecture, Slovak Academy of Science, Bratislava http:\/\/www.ustarch.sav.sk\/ [\/vc_column_text][vc_separator color=&#8221;chino&#8221; style=&#8221;dotted&#8221; el_width=&#8221;10&#8243; css=&#8221;.vc_custom_1487195526109{margin-top: 15px !important;margin-bottom: 15px !important;}&#8221;][vc_column_text css_animation=&#8221;left-to-right&#8221; css=&#8221;.vc_custom_1502401597026{margin-bottom:<\/p>\n","protected":false},"author":1,"featured_media":0,"parent":0,"menu_order":0,"comment_status":"closed","ping_status":"closed","template":"","meta":[],"_links":{"self":[{"href":"http:\/\/artificialsky.sav.sk\/en\/wp-json\/wp\/v2\/pages\/11755"}],"collection":[{"href":"http:\/\/artificialsky.sav.sk\/en\/wp-json\/wp\/v2\/pages"}],"about":[{"href":"http:\/\/artificialsky.sav.sk\/en\/wp-json\/wp\/v2\/types\/page"}],"author":[{"embeddable":true,"href":"http:\/\/artificialsky.sav.sk\/en\/wp-json\/wp\/v2\/users\/1"}],"replies":[{"embeddable":true,"href":"http:\/\/artificialsky.sav.sk\/en\/wp-json\/wp\/v2\/comments?post=11755"}],"version-history":[{"count":14,"href":"http:\/\/artificialsky.sav.sk\/en\/wp-json\/wp\/v2\/pages\/11755\/revisions"}],"predecessor-version":[{"id":12773,"href":"http:\/\/artificialsky.sav.sk\/en\/wp-json\/wp\/v2\/pages\/11755\/revisions\/12773"}],"wp:attachment":[{"href":"http:\/\/artificialsky.sav.sk\/en\/wp-json\/wp\/v2\/media?parent=11755"}],"curies":[{"name":"wp","href":"https:\/\/api.w.org\/{rel}","templated":true}]}}