{"id":11767,"date":"2015-12-11T16:01:43","date_gmt":"2015-12-11T14:01:43","guid":{"rendered":"http:\/\/artificialsky.sav.sk\/?page_id=11767"},"modified":"2017-02-19T23:12:01","modified_gmt":"2017-02-19T21:12:01","slug":"other","status":"publish","type":"page","link":"http:\/\/artificialsky.sav.sk\/en\/other\/","title":{"rendered":"Other"},"content":{"rendered":"<p>[vc_row][vc_column]<div id=\"ultimate-heading69d1da2936e9a\" class=\"uvc-heading dfd-delim-top   heading-config-top dfd-disable-resposive-headings\"  data-hspacer=\"no_spacer\"  data-halign=\"center\" style=\"text-align:center\"><div class=\"uvc-heading-spacer no_spacer\" style=\"\"><\/div><h3 class=\"widget-title\">Uniform Sky - 1773<\/h3><\/div>[vc_column_text css=&#8221;.vc_custom_1487457646653{margin-top: 20px !important;}&#8221;]Model represents overcast sky with ideal unity sky luminance, i.e. each sky element has the same luminance value. This model is also so called \u201eLambertian model\u201c<\/p>\n<p><img decoding=\"async\" loading=\"lazy\" class=\"alignnone size-full wp-image-12604\" src=\"http:\/\/artificialsky.sav.sk\/wp-content\/uploads\/OTHER-Uniform-Sky-1773.png\" alt=\"other-uniform-sky-1773\" width=\"261\" height=\"119\" \/><\/p>\n<p>\u25bcLambert, J.H. Merkw\u0171rdigste Eigenschaften der Bahn des Lichts durch die Luft und \u0171berhaupt durch verschiedene sph\u00e4rische und concentrische Mittel, 1773.\u00a0 (Notable qualities of the light path through the air and mainly through various spherical and concentric particles). German translation from the French origin. Haude \u2013 Spener, Berlin.[\/vc_column_text][vc_separator color=&#8221;custom&#8221; style=&#8221;dotted&#8221; accent_color=&#8221;#bcbcbc&#8221; css=&#8221;.vc_custom_1487453347750{margin-top: 20px !important;margin-bottom: 20px !important;}&#8221;][\/vc_column][\/vc_row][vc_row][vc_column]<div id=\"ultimate-heading69d1da2936f8e\" class=\"uvc-heading dfd-delim-top   heading-config-top dfd-disable-resposive-headings\"  data-hspacer=\"no_spacer\"  data-halign=\"center\" style=\"text-align:center\"><div class=\"uvc-heading-spacer no_spacer\" style=\"\"><\/div><h3 class=\"widget-title\">BRE model -1981<\/h3><\/div>[vc_column_text css=&#8221;.vc_custom_1487457936848{margin-top: 20px !important;}&#8221;]Model represents a sky luminance distribution pattern of homogeneous sky considering average cloud influence. The sky luminance distribution is calculated in physical unit cd\/m2.<\/p>\n<p><img decoding=\"async\" loading=\"lazy\" class=\"alignnone size-full wp-image-12605\" src=\"http:\/\/artificialsky.sav.sk\/wp-content\/uploads\/OTHER-BRE-model-1981.png\" alt=\"other-bre-model-1981\" width=\"254\" height=\"187\" \/><\/p>\n<p>\u25bcLittlefair, P.J. The luminance distribution of an average sky. Lighting Research and Technology, 1981, 13, 4, p. 192-198.<\/p>\n<p>(<a href=\"http:\/\/artificialsky.sav.sk\/wp-content\/uploads\/LITTLEFAIR_LRT_1981_4-192_The-luminance-distribution-of-an-average-sky-.pdf\" target=\"_blank\">LITTLEFAIR_LRT_1981_4-192_The luminance distribution of an average sky .pdf<\/a>)<\/p>\n<p>\u25bcRoy, G.G., Ruck, N., Reid, G., Winkelmann, F.C., Julian, W. The Development of Modelling Strategies for Whole Sky Spectrums under Real Conditions for International Use. ARC Project A89131897, Final Report, University of Sydney, Murdoch University, September 1995.<\/p>\n<p><a href=\"https:\/\/simulationresearch.lbl.gov\/dirpubs\/skymap_report.pdf\" target=\"_blank\">https:\/\/simulationresearch.lbl.gov\/dirpubs\/skymap_report.pdf<\/a>[\/vc_column_text][vc_separator color=&#8221;custom&#8221; style=&#8221;dotted&#8221; accent_color=&#8221;#bcbcbc&#8221; css=&#8221;.vc_custom_1487453347750{margin-top: 20px !important;margin-bottom: 20px !important;}&#8221;][\/vc_column][\/vc_row][vc_row][vc_column]<div id=\"ultimate-heading69d1da2937046\" class=\"uvc-heading dfd-delim-top   heading-config-top dfd-disable-resposive-headings\"  data-hspacer=\"no_spacer\"  data-halign=\"center\" style=\"text-align:center\"><div class=\"uvc-heading-spacer no_spacer\" style=\"\"><\/div><h3 class=\"widget-title\">Nakamura Intermediate Sky - 1987<\/h3><\/div>[vc_column_text css=&#8221;.vc_custom_1487458181414{margin-top: 20px !important;}&#8221;]The luminance at the sky element La is express by the formula:<\/p>\n<p><img decoding=\"async\" loading=\"lazy\" class=\"alignnone size-full wp-image-12607\" src=\"http:\/\/artificialsky.sav.sk\/wp-content\/uploads\/OTHER-Nakamura-Intermediate-Sky-1987.png\" alt=\"other-nakamura-intermediate-sky-1987\" width=\"505\" height=\"287\" srcset=\"http:\/\/artificialsky.sav.sk\/wp-content\/uploads\/OTHER-Nakamura-Intermediate-Sky-1987.png 505w, http:\/\/artificialsky.sav.sk\/wp-content\/uploads\/OTHER-Nakamura-Intermediate-Sky-1987-300x170.png 300w\" sizes=\"(max-width: 505px) 100vw, 505px\" \/><\/p>\n<p>\u25bcNakamura, H. and Oki, M. and Iwata, T. Mathematical Description of the Intermediate Sky, Proceedings 21st CIE Session, Venice, La Scientifica, 1987, p. 230-31.<\/p>\n<p>\u25bcRoy, G.G., Ruck, N., Reid, G., Winkelmann, F.C., Julian, W. The Development of Modelling Strategies for Whole Sky Spectrums under Real Conditions for International Use. ARC Project A89131897, Final Report, University of Sydney, Murdoch University, September 1995.<\/p>\n<p><a href=\"https:\/\/simulationresearch.lbl.gov\/dirpubs\/skymap_report.pdf\" target=\"_blank\">https:\/\/simulationresearch.lbl.gov\/dirpubs\/skymap_report.pdf<\/a>[\/vc_column_text][vc_separator color=&#8221;custom&#8221; style=&#8221;dotted&#8221; accent_color=&#8221;#bcbcbc&#8221; css=&#8221;.vc_custom_1487453347750{margin-top: 20px !important;margin-bottom: 20px !important;}&#8221;][\/vc_column][\/vc_row][vc_row][vc_column]<div id=\"ultimate-heading69d1da2937101\" class=\"uvc-heading dfd-delim-top   heading-config-top dfd-disable-resposive-headings\"  data-hspacer=\"no_spacer\"  data-halign=\"center\" style=\"text-align:center\"><div class=\"uvc-heading-spacer no_spacer\" style=\"\"><\/div><h3 class=\"widget-title\">Perradeau sky - 1988<\/h3><\/div>[vc_column_text css=&#8221;.vc_custom_1487538283456{margin-top: 20px !important;}&#8221;]Perradeau proposed Nebulosity Index N and classified 5 categories of sky luminance distributions for: &#8211; Overcast sky, &#8211; Intermediate Overcast Sky. \u2013 Intermediate Mean Sky, &#8211; Intermediate Blue Sky, &#8211; Blue Sky<\/p>\n<p style=\"text-align: left;\"><img decoding=\"async\" loading=\"lazy\" class=\"alignnone size-full wp-image-12610\" src=\"http:\/\/artificialsky.sav.sk\/wp-content\/uploads\/OTHER-Perradeau-sky-1988.png\" alt=\"other-perradeau-sky-1988\" width=\"501\" height=\"231\" srcset=\"http:\/\/artificialsky.sav.sk\/wp-content\/uploads\/OTHER-Perradeau-sky-1988.png 501w, http:\/\/artificialsky.sav.sk\/wp-content\/uploads\/OTHER-Perradeau-sky-1988-300x138.png 300w\" sizes=\"(max-width: 501px) 100vw, 501px\" \/><\/p>\n<p style=\"text-align: left;\">Table. Values of coefficients<\/p>\n<p><img decoding=\"async\" loading=\"lazy\" class=\"size-full wp-image-12581 alignnone\" src=\"http:\/\/artificialsky.sav.sk\/wp-content\/uploads\/INE-Perradeau-1988-tabulka.png\" alt=\"ine-perradeau-1988-tabulka\" width=\"631\" height=\"222\" srcset=\"http:\/\/artificialsky.sav.sk\/wp-content\/uploads\/INE-Perradeau-1988-tabulka.png 631w, http:\/\/artificialsky.sav.sk\/wp-content\/uploads\/INE-Perradeau-1988-tabulka-300x106.png 300w\" sizes=\"(max-width: 631px) 100vw, 631px\" \/><\/p>\n<p>\u25bcPerraudeau, M. Luminance models. Proc. CIBSE National Lighting Conf., Cambridge, UK, 1988, p. 291-292.<\/p>\n<p>\u25bcPerraudeau, M. &#8220;Distribution de la Luminance du Ciel&#8221;, Cathiers du Centre Scientifique et Technique du Batiment &#8211; CSTB 2305, December 1988.[\/vc_column_text][vc_separator color=&#8221;custom&#8221; style=&#8221;dotted&#8221; accent_color=&#8221;#bcbcbc&#8221; css=&#8221;.vc_custom_1487453347750{margin-top: 20px !important;margin-bottom: 20px !important;}&#8221;][\/vc_column][\/vc_row][vc_row][vc_column]<div id=\"ultimate-heading69d1da29371d7\" class=\"uvc-heading dfd-delim-top   heading-config-top dfd-disable-resposive-headings\"  data-hspacer=\"no_spacer\"  data-halign=\"center\" style=\"text-align:center\"><div class=\"uvc-heading-spacer no_spacer\" style=\"\"><\/div><h3 class=\"widget-title\">Perez All-weather model - 1993<\/h3><\/div>[vc_column_text css=&#8221;.vc_custom_1487538431353{margin-top: 20px !important;}&#8221;]Perez at al. proposed Clearness Index and Sky Brightness Index to select sky luminance patterns in the range of overcast skies to clear skies. Model is based on the measured diffuse and direct irradiance and calculated air mass. The relative luminance lv is defined as the ratio between the luminance of the considered sky element La, and the luminance of an arbitrary sky element as<\/p>\n<p><img decoding=\"async\" loading=\"lazy\" class=\"alignnone size-full wp-image-12612\" src=\"http:\/\/artificialsky.sav.sk\/wp-content\/uploads\/OTHER-Perez-All-weather-model-1993.png\" alt=\"other-perez-all-weather-model-1993\" width=\"448\" height=\"628\" srcset=\"http:\/\/artificialsky.sav.sk\/wp-content\/uploads\/OTHER-Perez-All-weather-model-1993.png 448w, http:\/\/artificialsky.sav.sk\/wp-content\/uploads\/OTHER-Perez-All-weather-model-1993-214x300.png 214w\" sizes=\"(max-width: 448px) 100vw, 448px\" \/><\/p>\n<p>\u25bcPerez, R., Seals, R., Michalsky, J.: All-weather model for sky luminance distribution &#8211; Preliminary configuration and validation. Solar Energy, 1993, 50, 3, p. 235-245.<\/p>\n<p>(<a href=\"http:\/\/artificialsky.sav.sk\/wp-content\/uploads\/Perez_All-weather-model-for-sky-luminance_SE_1993-50-3-235-245.pdf\" target=\"_blank\">Perez_All-weather model for sky luminance_SE_1993-50-3-235-245.pdf<\/a>)<\/p>\n<p>\u25bcRoy, G.G., Ruck, N., Reid, G., Winkelmann, F.C., Julian, W. The Development of Modelling Strategies for Whole Sky Spectrums under Real Conditions for International Use. ARC Project A89131897, Final Report, University of Sydney, Murdoch University, September 1995.<\/p>\n<p><a href=\"https:\/\/simulationresearch.lbl.gov\/dirpubs\/skymap_report.pdf\" target=\"_blank\">https:\/\/simulationresearch.lbl.gov\/dirpubs\/skymap_report.pdf<\/a>[\/vc_column_text][vc_separator color=&#8221;custom&#8221; style=&#8221;dotted&#8221; accent_color=&#8221;#bcbcbc&#8221; css=&#8221;.vc_custom_1487453347750{margin-top: 20px !important;margin-bottom: 20px !important;}&#8221;][\/vc_column][\/vc_row][vc_row][vc_column]<div id=\"ultimate-heading69d1da2937293\" class=\"uvc-heading dfd-delim-top   heading-config-top dfd-disable-resposive-headings\"  data-hspacer=\"no_spacer\"  data-halign=\"center\" style=\"text-align:center\"><div class=\"uvc-heading-spacer no_spacer\" style=\"\"><\/div><h3 class=\"widget-title\">Matsuura Intermediate model - 1994<\/h3><\/div>[vc_column_text css=&#8221;.vc_custom_1487538558195{margin-top: 20px !important;}&#8221;]Model describes sky luminance pattern similar to clear sky but with higher atmospheric turbidity<\/p>\n<p><img decoding=\"async\" loading=\"lazy\" class=\"alignnone size-full wp-image-12614\" src=\"http:\/\/artificialsky.sav.sk\/wp-content\/uploads\/OTHER-Matsuura-Intermediate-model-1994.png\" alt=\"other-matsuura-intermediate-model-1994\" width=\"449\" height=\"254\" srcset=\"http:\/\/artificialsky.sav.sk\/wp-content\/uploads\/OTHER-Matsuura-Intermediate-model-1994.png 449w, http:\/\/artificialsky.sav.sk\/wp-content\/uploads\/OTHER-Matsuura-Intermediate-model-1994-300x170.png 300w\" sizes=\"(max-width: 449px) 100vw, 449px\" \/><\/p>\n<p>\u25bcMatsuura K. Luminance distributions of various reference skies. CIE Technical report, T.C.3-09 (Draft), 1988.<\/p>\n<p>\u25bcMatsuura K. and Iwata T. A model of daylight source for the daylight illuminance calculations on the all weather conditions. Proc. Daylight Conf., Moscow, 1990, A2, pp.1-6.<\/p>\n<p>\u25bcMatsuura, K. (1994). Spatial distribution of daylight &#8211; Luminous distribution of various reference skies. Publ. CIE 110-1994, CIE Central Bureau, Vienna.[\/vc_column_text][vc_separator color=&#8221;custom&#8221; style=&#8221;dotted&#8221; accent_color=&#8221;#bcbcbc&#8221; css=&#8221;.vc_custom_1487453347750{margin-top: 20px !important;margin-bottom: 20px !important;}&#8221;][\/vc_column][\/vc_row][vc_row][vc_column]<div id=\"ultimate-heading69d1da293733d\" class=\"uvc-heading dfd-delim-top   heading-config-top dfd-disable-resposive-headings\"  data-hspacer=\"no_spacer\"  data-halign=\"center\" style=\"text-align:center\"><div class=\"uvc-heading-spacer no_spacer\" style=\"\"><\/div><h3 class=\"widget-title\">The All Sky Model- R and the All Sky Model-L - 2004<\/h3><\/div>[vc_column_text css=&#8221;.vc_custom_1487538664487{margin-top: 20px !important;}&#8221;]The All Sky Model- R and the All Sky Model-L developed by Igawa et al. classifies sky conditions from the solar radiation data and formulate sky radiance distribution and sky luminance distribution for all sky conditions. Models are based on the stattistical evaluation of meteorological data global, direct and diffuse irradiances and luminous efficacy model. The sky radiance and luminance distribution are expressed in absolute values<\/p>\n<p><img decoding=\"async\" loading=\"lazy\" class=\"alignnone size-full wp-image-12616\" src=\"http:\/\/artificialsky.sav.sk\/wp-content\/uploads\/OTHER-The-All-Sky-Model-R-and-the-All-Sky-Model-L-2004.png\" alt=\"other-the-all-sky-model-r-and-the-all-sky-model-l-2004\" width=\"624\" height=\"707\" srcset=\"http:\/\/artificialsky.sav.sk\/wp-content\/uploads\/OTHER-The-All-Sky-Model-R-and-the-All-Sky-Model-L-2004.png 624w, http:\/\/artificialsky.sav.sk\/wp-content\/uploads\/OTHER-The-All-Sky-Model-R-and-the-All-Sky-Model-L-2004-265x300.png 265w\" sizes=\"(max-width: 624px) 100vw, 624px\" \/><\/p>\n<p>\u25bcIgawa, N., Koga, Y., Matsuzawa, T., Nakamura, H. Models of sky radiance distribution and sky luminance distribution. Solar Energy, 2004, 77, 2, p. 137-157.<\/p>\n<p>(<a href=\"http:\/\/artificialsky.sav.sk\/wp-content\/uploads\/IGAWA_SE_2004_2-137_Models-of-sky-radiance-distribution.pdf\" target=\"_blank\">IGAWA_SE_2004_2-137_Models of sky radiance distribution.pdf<\/a>)[\/vc_column_text][\/vc_column][\/vc_row]<\/p>\n","protected":false},"excerpt":{"rendered":"<p>[vc_row][vc_column][vc_column_text css=&#8221;.vc_custom_1487457646653{margin-top: 20px !important;}&#8221;]Model represents overcast sky with ideal unity sky luminance, i.e. each sky element has the same luminance value. This model is also so called \u201eLambertian model\u201c \u25bcLambert,<\/p>\n","protected":false},"author":1,"featured_media":0,"parent":0,"menu_order":0,"comment_status":"closed","ping_status":"closed","template":"","meta":[],"_links":{"self":[{"href":"http:\/\/artificialsky.sav.sk\/en\/wp-json\/wp\/v2\/pages\/11767"}],"collection":[{"href":"http:\/\/artificialsky.sav.sk\/en\/wp-json\/wp\/v2\/pages"}],"about":[{"href":"http:\/\/artificialsky.sav.sk\/en\/wp-json\/wp\/v2\/types\/page"}],"author":[{"embeddable":true,"href":"http:\/\/artificialsky.sav.sk\/en\/wp-json\/wp\/v2\/users\/1"}],"replies":[{"embeddable":true,"href":"http:\/\/artificialsky.sav.sk\/en\/wp-json\/wp\/v2\/comments?post=11767"}],"version-history":[{"count":6,"href":"http:\/\/artificialsky.sav.sk\/en\/wp-json\/wp\/v2\/pages\/11767\/revisions"}],"predecessor-version":[{"id":12618,"href":"http:\/\/artificialsky.sav.sk\/en\/wp-json\/wp\/v2\/pages\/11767\/revisions\/12618"}],"wp:attachment":[{"href":"http:\/\/artificialsky.sav.sk\/en\/wp-json\/wp\/v2\/media?parent=11767"}],"curies":[{"name":"wp","href":"https:\/\/api.w.org\/{rel}","templated":true}]}}